{"id":5,"date":"2011-03-02T09:29:59","date_gmt":"2011-03-02T09:29:59","guid":{"rendered":"http:\/\/localhost\/jordi_11\/?page_id=5"},"modified":"2016-04-04T11:27:14","modified_gmt":"2016-04-04T09:27:14","slug":"jordi-gene","status":"publish","type":"page","link":"https:\/\/jordigene.com\/?page_id=5","title":{"rendered":"Jordi Gen\u00e9"},"content":{"rendered":"<h3>Datos personales \/ Biograf\u00eda<\/h3>\n<p>Jordi Gene naci\u00f3 en Sabadell el 5 de Diciembre de 1970.<br \/>\nCasado y con tres hijos Mar\u00eda, Jordi y Eric. Forma parte de una familia que vive y siente una gran pasi\u00f3n por el automovilismo, su hermano Marc hace ocho a\u00f1os que es piloto de Formula 1, actualmente est\u00e1 trabajando como piloto probador en Ferrari.<br \/>\nJordi desde muy peque\u00f1o mostr\u00f3 un gran inter\u00e9s por el mundo de las cuatro ruedas. Contando siempre con el apoyo de su familia, se convirti\u00f3 en el campe\u00f3n de Espa\u00f1a mas joven al conseguir el titulo de campe\u00f3n de Espa\u00f1a de formula Fiat uno contando con tan solo 15 a\u00f1os.<br \/>\nA los 17 tomo una de las decisiones mas dif\u00edciles al dejar de lado sus estudios familia y amigos para emigrar a Inglaterra para formarse durante 5 a\u00f1os de carreras de monoplazas. Durante estos a\u00f1os estuvo luchando de tu a tu con pilotos de la talla de Rubens Barrichello, David Coulthard, Jaques Villeneuve, Mika Hakkinnen etc\u2026.. Consiguiendo un palmares impresionante al ser 2\u00ba en la copa del mundo de Formula 3 en Macau el 5\u00ba en el Europeo de F-3000, y llegar a las puertas de la Formula 1 al ser piloto de pruebas de Benetton.<br \/>\nJordi Gene es un piloto muy polifacetico pues ha competido en monoplazas motos turismos incluso en el europeo de camiones.<br \/>\nActualmente compite en el mundial de turismos con el equipo Seat, habiendo logrado el titulo de campeones del mundo de marcas el pasado 2008<\/p>\n","protected":false},"excerpt":{"rendered":"<p>Datos personales \/ Biograf\u00eda Jordi Gene naci\u00f3 en Sabadell el 5 de Diciembre de 1970. Casado y con tres hijos Mar\u00eda, Jordi y Eric. Forma parte de una familia que vive y siente una gran pasi\u00f3n por el automovilismo, su hermano Marc hace ocho a\u00f1os que es piloto de Formula 1, actualmente est\u00e1 trabajando como [&hellip;]<\/p>\n","protected":false},"author":1,"featured_media":0,"parent":0,"menu_order":0,"comment_status":"closed","ping_status":"open","template":"","meta":{"ngg_post_thumbnail":0,"footnotes":""},"class_list":["post-5","page","type-page","status-publish","hentry"],"_links":{"self":[{"href":"https:\/\/jordigene.com\/index.php?rest_route=\/wp\/v2\/pages\/5","targetHints":{"allow":["GET"]}}],"collection":[{"href":"https:\/\/jordigene.com\/index.php?rest_route=\/wp\/v2\/pages"}],"about":[{"href":"https:\/\/jordigene.com\/index.php?rest_route=\/wp\/v2\/types\/page"}],"author":[{"embeddable":true,"href":"https:\/\/jordigene.com\/index.php?rest_route=\/wp\/v2\/users\/1"}],"replies":[{"embeddable":true,"href":"https:\/\/jordigene.com\/index.php?rest_route=%2Fwp%2Fv2%2Fcomments&post=5"}],"version-history":[{"count":4,"href":"https:\/\/jordigene.com\/index.php?rest_route=\/wp\/v2\/pages\/5\/revisions"}],"predecessor-version":[{"id":111,"href":"https:\/\/jordigene.com\/index.php?rest_route=\/wp\/v2\/pages\/5\/revisions\/111"}],"wp:attachment":[{"href":"https:\/\/jordigene.com\/index.php?rest_route=%2Fwp%2Fv2%2Fmedia&parent=5"}],"curies":[{"name":"wp","href":"https:\/\/api.w.org\/{rel}","templated":true}]}}