{"id":49,"date":"2011-03-02T15:47:05","date_gmt":"2011-03-02T15:47:05","guid":{"rendered":"http:\/\/localhost\/jordi_11\/?page_id=49"},"modified":"2016-04-04T11:21:45","modified_gmt":"2016-04-04T09:21:45","slug":"videos","status":"publish","type":"page","link":"https:\/\/jordigene.com\/?page_id=49","title":{"rendered":"Videos"},"content":{"rendered":"<h2>Una vuelta con la abuela en el asiento de carreras Jordi Gen\u00e9, Leon Supercopa<\/h2>\n<p><object style=\"height: 390px; width: 640px;\" width=\"300\" height=\"150\"><param name=\"movie\" value=\"http:\/\/www.youtube.com\/v\/mM3o-ZWEUzM?version=3\" \/><param name=\"allowFullScreen\" value=\"true\" \/><param name=\"allowScriptAccess\" value=\"always\" \/><embed type=\"application\/x-shockwave-flash\" width=\"640\" height=\"390\" src=\"http:\/\/www.youtube.com\/v\/mM3o-ZWEUzM?version=3\" allowfullscreen=\"allowfullscreen\" allowscriptaccess=\"always\" \/><\/object><\/p>\n<h2>Karting Tarter GRANDVALIRA Marc Gen\u00e9 &#8211; Andorra 2010<\/h2>\n<p><object style=\"height: 390px; width: 640px;\" width=\"300\" height=\"150\"><param name=\"movie\" value=\"http:\/\/www.youtube.com\/v\/VHAXyx9iG00?version=3\" \/><param name=\"allowFullScreen\" value=\"true\" \/><param name=\"allowScriptAccess\" value=\"always\" \/><embed src=\"http:\/\/www.youtube.com\/v\/VHAXyx9iG00?version=3\" type=\"application\/x-shockwave-flash\" allowfullscreen=\"allowfullscreen\" allowscriptaccess=\"always\" width=\"640\" height=\"390\" \/><\/object><\/p>\n<h2>Audi S8 V10 vuelta con Jordi Gen\u00e9 en el circuito del Jarama<\/h2>\n<p><object style=\"height: 390px; width: 640px;\" width=\"300\" height=\"150\"><param name=\"movie\" value=\"http:\/\/www.youtube.com\/v\/peuPgZ4rgo4?version=3\" \/><param name=\"allowFullScreen\" value=\"true\" \/><param name=\"allowScriptAccess\" value=\"always\" \/><embed src=\"http:\/\/www.youtube.com\/v\/peuPgZ4rgo4?version=3\" type=\"application\/x-shockwave-flash\" allowfullscreen=\"allowfullscreen\" allowscriptaccess=\"always\" width=\"640\" height=\"390\" \/><\/object><\/p>\n","protected":false},"excerpt":{"rendered":"<p>Una vuelta con la abuela en el asiento de carreras Jordi Gen\u00e9, Leon Supercopa Karting Tarter GRANDVALIRA Marc Gen\u00e9 &#8211; Andorra 2010 Audi S8 V10 vuelta con Jordi Gen\u00e9 en el circuito del Jarama<\/p>\n","protected":false},"author":1,"featured_media":0,"parent":0,"menu_order":30,"comment_status":"closed","ping_status":"open","template":"","meta":{"ngg_post_thumbnail":0,"footnotes":""},"class_list":["post-49","page","type-page","status-publish","hentry"],"_links":{"self":[{"href":"https:\/\/jordigene.com\/index.php?rest_route=\/wp\/v2\/pages\/49","targetHints":{"allow":["GET"]}}],"collection":[{"href":"https:\/\/jordigene.com\/index.php?rest_route=\/wp\/v2\/pages"}],"about":[{"href":"https:\/\/jordigene.com\/index.php?rest_route=\/wp\/v2\/types\/page"}],"author":[{"embeddable":true,"href":"https:\/\/jordigene.com\/index.php?rest_route=\/wp\/v2\/users\/1"}],"replies":[{"embeddable":true,"href":"https:\/\/jordigene.com\/index.php?rest_route=%2Fwp%2Fv2%2Fcomments&post=49"}],"version-history":[{"count":4,"href":"https:\/\/jordigene.com\/index.php?rest_route=\/wp\/v2\/pages\/49\/revisions"}],"predecessor-version":[{"id":110,"href":"https:\/\/jordigene.com\/index.php?rest_route=\/wp\/v2\/pages\/49\/revisions\/110"}],"wp:attachment":[{"href":"https:\/\/jordigene.com\/index.php?rest_route=%2Fwp%2Fv2%2Fmedia&parent=49"}],"curies":[{"name":"wp","href":"https:\/\/api.w.org\/{rel}","templated":true}]}}