{"id":129,"date":"2016-04-06T10:13:21","date_gmt":"2016-04-06T08:13:21","guid":{"rendered":"http:\/\/www.jordigene.com\/?page_id=129"},"modified":"2016-04-11T11:57:46","modified_gmt":"2016-04-11T09:57:46","slug":"inicio","status":"publish","type":"page","link":"https:\/\/jordigene.com\/","title":{"rendered":"Official web site"},"content":{"rendered":"<div class=\"fusion-one-third fusion-layout-column fusion-spacing-yes\" style=\"margin-top:0px;margin-bottom:20px;\"><div class=\"fusion-column-wrapper\"><div class=\"imageframe-align-center\"><span class=\"fusion-imageframe imageframe-none imageframe-1 hover-type-none\"><a href=\"http:\/\/www.jordigene.com\/wp-content\/uploads\/2016\/04\/seat_sport.jpg\" class=\"fusion-lightbox\" data-rel=\"iLightbox[eba67b306150633d852]\"> <img decoding=\"async\" alt=\"Design\" src=\"http:\/\/www.jordigene.com\/wp-content\/uploads\/2016\/04\/seat_sport.jpg\" class=\"img-responsive\"\/><\/a><\/span><\/div><div class=\"fusion-sep-clear\"><\/div><div class=\"fusion-separator fusion-full-width-sep sep-none\" style=\"border-color:#e0dede;margin-left: auto;margin-right: auto;margin-top:18px;\"><\/div><h2>SEAT SPORT<\/h2>\n<p>SEAT prosigue con su dilatado e intenso compromiso con el automovilismo.<br \/>\nLa temporada est\u00e1 lista para que la SEAT Le\u00f3n Eurocup vuelva de nuevo a algunos de los circuitos m\u00e1s impresionantes, con la celebraci\u00f3n de dos pruebas de velocidad durante siete fines de semana de competici\u00f3n en seis pa\u00edses europeos.<\/p>\n<p><a href=\"http:\/\/www.seat-sport.com\/es\/\" target=\"_blank\">Sigue el esp\u00edritu competitivo.<\/a><\/p>\n<div class=\"fusion-clearfix\"><\/div><\/div><\/div><div class=\"fusion-one-third fusion-layout-column fusion-spacing-yes\" style=\"margin-top:0px;margin-bottom:20px;\"><div class=\"fusion-column-wrapper\"><div class=\"imageframe-align-center\"><span class=\"fusion-imageframe imageframe-none imageframe-2 hover-type-none\"><a href=\"http:\/\/www.jordigene.com\/wp-content\/uploads\/2016\/04\/audi.jpg\" class=\"fusion-lightbox\" data-rel=\"iLightbox[32eff417d9410d7229f]\"> <img decoding=\"async\" alt=\"Sliders\" src=\"http:\/\/www.jordigene.com\/wp-content\/uploads\/2016\/04\/audi.jpg\" class=\"img-responsive\"\/><\/a><\/span><\/div><div class=\"fusion-sep-clear\"><\/div><div class=\"fusion-separator fusion-full-width-sep sep-none\" style=\"border-color:#e0dede;margin-left: auto;margin-right: auto;margin-top:18px;\"><\/div><h2>Audi driving experience<\/h2>\n<p>Viva todas las sensaciones de conducci\u00f3n que un Audi puede ofrecerle. Descubra c\u00f3mo la \u00faltima tecnolog\u00eda domina la m\u00e1xima potencia, ofreci\u00e9ndole una conducci\u00f3n deportiva y segura.<br \/>\nJordi Gen\u00e9 dirige la escuela de conducci\u00f3n Audi driving experience. Hemos dise\u00f1ado para usted cuatro modalidades de cursos, en los cuales obtendr\u00e1 las herramientas para una conducci\u00f3n eficiente al volante de los \u00faltimos modelos Audi.<\/p>\n<p><a href=\"http:\/\/www.audidrivingexperience.es\/drivingexperience\/index.php\" target=\"_blank\">Pilote un Audi, conduzca su pasi\u00f3n.<\/a><\/p>\n<div class=\"fusion-clearfix\"><\/div><\/div><\/div><div class=\"fusion-one-third fusion-layout-column fusion-column-last fusion-spacing-yes\" style=\"margin-top:0px;margin-bottom:20px;\"><div class=\"fusion-column-wrapper\"><div class=\"imageframe-align-center\"><span class=\"fusion-imageframe imageframe-none imageframe-3 hover-type-none\"><a href=\"http:\/\/www.jordigene.com\/wp-content\/uploads\/2016\/04\/kart2.jpg\" class=\"fusion-lightbox\" data-rel=\"iLightbox[1334f8b25409b806f12]\"> <img decoding=\"async\" alt=\"Options\" src=\"http:\/\/www.jordigene.com\/wp-content\/uploads\/2016\/04\/kart2.jpg\" class=\"img-responsive\"\/><\/a><\/span><\/div><div class=\"fusion-sep-clear\"><\/div><div class=\"fusion-separator fusion-full-width-sep sep-none\" style=\"border-color:#e0dede;margin-left: auto;margin-right: auto;margin-top:18px;\"><\/div><h2>Gen\u00e9 karting Barcelona<\/h2>\n<p>El Grupo Gen\u00e9 Karting es el indoor karting equipado con las m\u00e1s avanzadas prestaciones en cuanto a karts y protecci\u00f3n para sus pilotos.<br \/>\nZona de boxes. Vestuario equipado con taquillas. Chicanes, curvas r\u00e1pidas y t\u00e9cnicas. Pantalla gigante con timing a tiempo real. Sistema de control de tiempo individualizado. Pista asfaltada de hasta 7m de ancho que facilita los adelantamientos. Karts con cintur\u00f3n de seguridad y barra antivuelco.<\/p>\n<p><a href=\"http:\/\/www.barcelonagenekarting.com\/index.php\" target=\"_blank\">Regala Karting, prueba nuestros \u00a0karts.<\/a><\/p>\n<div class=\"fusion-clearfix\"><\/div><\/div><\/div><div class=\"fusion-clearfix\"><\/div><div class=\"fusion-sep-clear\"><\/div><div class=\"fusion-separator fusion-full-width-sep sep-none\" style=\"border-color:#e0dede;margin-left: auto;margin-right: auto;margin-top:25px;\"><\/div><div class=\"fusion-title title fusion-title-size-two\"><h2 class=\"title-heading-left\">Colaboradores<\/h2><div class=\"title-sep-container\"><div class=\"title-sep sep-double\"><\/div><\/div><\/div><div class=\"fusion-image-carousel fusion-image-carousel-fixed fusion-carousel-border\"><div class=\"fusion-carousel\" data-autoplay=\"no\" data-columns=\"5\" data-itemmargin=\"13\" data-itemwidth=\"180\" data-touchscroll=\"no\" data-imagesize=\"fixed\"><div class=\"fusion-carousel-positioner\"><ul class=\"fusion-carousel-holder\"><li class=\"fusion-carousel-item\"><div class=\"fusion-carousel-item-wrapper\"><div class=\"fusion-image-wrapper hover-type-none\"><a href=\"#\" target=\"_self\"><img decoding=\"async\" src=\"http:\/\/www.jordigene.com\/wp-content\/uploads\/2016\/04\/gene_karting.jpg\" alt=\"\" \/><\/a><\/div><\/div><\/li><li class=\"fusion-carousel-item\"><div class=\"fusion-carousel-item-wrapper\"><div class=\"fusion-image-wrapper hover-type-none\"><a href=\"#\" target=\"_self\"><img decoding=\"async\" src=\"http:\/\/www.jordigene.com\/wp-content\/uploads\/2016\/04\/grandvalira.jpg\" alt=\"\" \/><\/a><\/div><\/div><\/li><li class=\"fusion-carousel-item\"><div class=\"fusion-carousel-item-wrapper\"><div class=\"fusion-image-wrapper hover-type-none\"><a href=\"#\" target=\"_self\"><img decoding=\"async\" src=\"http:\/\/www.jordigene.com\/wp-content\/uploads\/2016\/04\/solaray.jpg\" alt=\"\" \/><\/a><\/div><\/div><\/li><li class=\"fusion-carousel-item\"><div class=\"fusion-carousel-item-wrapper\"><div class=\"fusion-image-wrapper hover-type-none\"><a href=\"#\" target=\"_self\"><img decoding=\"async\" src=\"http:\/\/www.jordigene.com\/wp-content\/uploads\/2016\/04\/seat_sport_logo.jpg\" alt=\"\" \/><\/a><\/div><\/div><\/li><li class=\"fusion-carousel-item\"><div class=\"fusion-carousel-item-wrapper\"><div class=\"fusion-image-wrapper hover-type-none\"><a href=\"#\" target=\"_self\"><img decoding=\"async\" src=\"http:\/\/www.jordigene.com\/wp-content\/uploads\/2016\/04\/audi_driving_logo.jpg\" alt=\"\" \/><\/a><\/div><\/div><\/li><\/ul><div class=\"fusion-carousel-nav\"><span class=\"fusion-nav-prev\"><\/span><span class=\"fusion-nav-next\"><\/span><\/div><\/div><\/div><\/div>\n","protected":false},"excerpt":{"rendered":"","protected":false},"author":1,"featured_media":0,"parent":0,"menu_order":0,"comment_status":"closed","ping_status":"closed","template":"","meta":{"ngg_post_thumbnail":0,"footnotes":""},"class_list":["post-129","page","type-page","status-publish","hentry"],"_links":{"self":[{"href":"https:\/\/jordigene.com\/index.php?rest_route=\/wp\/v2\/pages\/129","targetHints":{"allow":["GET"]}}],"collection":[{"href":"https:\/\/jordigene.com\/index.php?rest_route=\/wp\/v2\/pages"}],"about":[{"href":"https:\/\/jordigene.com\/index.php?rest_route=\/wp\/v2\/types\/page"}],"author":[{"embeddable":true,"href":"https:\/\/jordigene.com\/index.php?rest_route=\/wp\/v2\/users\/1"}],"replies":[{"embeddable":true,"href":"https:\/\/jordigene.com\/index.php?rest_route=%2Fwp%2Fv2%2Fcomments&post=129"}],"version-history":[{"count":19,"href":"https:\/\/jordigene.com\/index.php?rest_route=\/wp\/v2\/pages\/129\/revisions"}],"predecessor-version":[{"id":166,"href":"https:\/\/jordigene.com\/index.php?rest_route=\/wp\/v2\/pages\/129\/revisions\/166"}],"wp:attachment":[{"href":"https:\/\/jordigene.com\/index.php?rest_route=%2Fwp%2Fv2%2Fmedia&parent=129"}],"curies":[{"name":"wp","href":"https:\/\/api.w.org\/{rel}","templated":true}]}}